{"id":131,"date":"2023-11-20T19:14:35","date_gmt":"2023-11-20T19:14:35","guid":{"rendered":"https:\/\/vilafotografia.com\/?page_id=131"},"modified":"2023-11-20T19:15:07","modified_gmt":"2023-11-20T19:15:07","slug":"inicio","status":"publish","type":"page","link":"https:\/\/vilafotografia.com\/","title":{"rendered":"Inicio"},"content":{"rendered":"\t\t<div data-elementor-type=\"wp-page\" data-elementor-id=\"131\" class=\"elementor elementor-131\">\n\t\t\t\t<div class=\"elementor-element elementor-element-fb27ddb e-flex e-con-boxed e-con e-parent\" data-id=\"fb27ddb\" data-element_type=\"container\">\n\t\t\t\t\t<div class=\"e-con-inner\">\n\t\t\t\t<div class=\"elementor-element elementor-element-ea3a7a3 elementor-widget elementor-widget-text-editor\" data-id=\"ea3a7a3\" data-element_type=\"widget\" data-widget_type=\"text-editor.default\">\n\t\t\t\t<div class=\"elementor-widget-container\">\n\t\t\t\t\t\t\t\t\t<header class=\"post-header\"><h1 class=\"page-title\">Presentaci\u00f3n<\/h1><\/header><div class=\"post-content\"><blockquote><p>Poder contar una historia deteniendo el tiempo en una sola imagen me cautiv\u00f3 para adentrarme en este mundo de la fotograf\u00eda.<\/p><\/blockquote><p>Tras varios a\u00f1os c\u00e1mara en mano como fot\u00f3grafo de retrato y en contacto con los clientes me doy cuenta que la fotograf\u00eda no s\u00f3lo es un recuerdo eterno si no que tambi\u00e9n es una forma de ganar autoestima, por ello es de vital importancia conectar con los clientes para enfocar las sesiones de la manera m\u00e1s personal posible para lograr una grata experiencia.<\/p><blockquote><p>En mi trayectoria realizando fotograf\u00eda de retrato, boudoir, blanco y negro, colaboraciones con modelos y fot\u00f3grafos\/as siempre se busca el mayor grado de comodidad y tranquilidad lo que da lugar a un mejor resultado en la sesi\u00f3n logrando los mejores resultados para tus fotograf\u00edas<\/p><\/blockquote><\/div>\t\t\t\t\t\t\t\t<\/div>\n\t\t\t\t<\/div>\n\t\t\t\t\t<\/div>\n\t\t\t\t<\/div>\n\t\t\t\t<\/div>\n\t\t","protected":false},"excerpt":{"rendered":"<p>Presentaci\u00f3n Poder contar una historia deteniendo el tiempo en una sola imagen me cautiv\u00f3 para adentrarme en este mundo de la fotograf\u00eda. Tras varios a\u00f1os c\u00e1mara en mano como fot\u00f3grafo de retrato y en contacto con los clientes me doy cuenta que la fotograf\u00eda no s\u00f3lo es un recuerdo eterno si no que tambi\u00e9n es una forma de ganar autoestima, por ello es de vital importancia conectar con los clientes para enfocar las sesiones de la manera m\u00e1s personal posible para lograr una grata experiencia. En mi trayectoria realizando fotograf\u00eda de retrato, boudoir, blanco y negro, colaboraciones con modelos y fot\u00f3grafos\/as siempre se busca el mayor grado de comodidad y tranquilidad lo que da lugar a un mejor resultado en la sesi\u00f3n logrando los mejores resultados para tus fotograf\u00edas<\/p>\n","protected":false},"author":1,"featured_media":0,"parent":0,"menu_order":0,"comment_status":"closed","ping_status":"closed","template":"elementor_header_footer","meta":{"footnotes":""},"class_list":["post-131","page","type-page","status-publish","hentry"],"yoast_head":"<!-- This site is optimized with the Yoast SEO plugin v24.7 - https:\/\/yoast.com\/wordpress\/plugins\/seo\/ -->\n<title>Inicio - Marcos Vila Fotograf\u00eda<\/title>\n<meta name=\"robots\" content=\"index, follow, max-snippet:-1, max-image-preview:large, max-video-preview:-1\" \/>\n<link rel=\"canonical\" href=\"https:\/\/vilafotografia.com\/\" \/>\n<meta property=\"og:locale\" content=\"gl_ES\" \/>\n<meta property=\"og:type\" content=\"article\" \/>\n<meta property=\"og:title\" content=\"Inicio - Marcos Vila Fotograf\u00eda\" \/>\n<meta property=\"og:description\" content=\"Presentaci\u00f3n Poder contar una historia deteniendo el tiempo en una sola imagen me cautiv\u00f3 para adentrarme en este mundo de la fotograf\u00eda. Tras varios a\u00f1os c\u00e1mara en mano como fot\u00f3grafo de retrato y en contacto con los clientes me doy cuenta que la fotograf\u00eda no s\u00f3lo es un recuerdo eterno si no que tambi\u00e9n es una forma de ganar autoestima, por ello es de vital importancia conectar con los clientes para enfocar las sesiones de la manera m\u00e1s personal posible para lograr una grata experiencia. En mi trayectoria realizando fotograf\u00eda de retrato, boudoir, blanco y negro, colaboraciones con modelos y fot\u00f3grafos\/as siempre se busca el mayor grado de comodidad y tranquilidad lo que da lugar a un mejor resultado en la sesi\u00f3n logrando los mejores resultados para tus fotograf\u00edas\" \/>\n<meta property=\"og:url\" content=\"https:\/\/vilafotografia.com\/\" \/>\n<meta property=\"og:site_name\" content=\"Marcos Vila Fotograf\u00eda\" \/>\n<meta property=\"article:modified_time\" content=\"2023-11-20T19:15:07+00:00\" \/>\n<meta name=\"twitter:card\" content=\"summary_large_image\" \/>\n<meta name=\"twitter:label1\" content=\"Tempo de lectura\" \/>\n\t<meta name=\"twitter:data1\" content=\"1 minuto\" \/>\n<script type=\"application\/ld+json\" class=\"yoast-schema-graph\">{\"@context\":\"https:\/\/schema.org\",\"@graph\":[{\"@type\":\"WebPage\",\"@id\":\"https:\/\/vilafotografia.com\/\",\"url\":\"https:\/\/vilafotografia.com\/\",\"name\":\"Inicio - Marcos Vila Fotograf\u00eda\",\"isPartOf\":{\"@id\":\"https:\/\/vilafotografia.com\/#website\"},\"datePublished\":\"2023-11-20T19:14:35+00:00\",\"dateModified\":\"2023-11-20T19:15:07+00:00\",\"breadcrumb\":{\"@id\":\"https:\/\/vilafotografia.com\/#breadcrumb\"},\"inLanguage\":\"gl-ES\",\"potentialAction\":[{\"@type\":\"ReadAction\",\"target\":[\"https:\/\/vilafotografia.com\/\"]}]},{\"@type\":\"BreadcrumbList\",\"@id\":\"https:\/\/vilafotografia.com\/#breadcrumb\",\"itemListElement\":[{\"@type\":\"ListItem\",\"position\":1,\"name\":\"Portada\",\"item\":\"https:\/\/vilafotografia.com\/\"},{\"@type\":\"ListItem\",\"position\":2,\"name\":\"Inicio\"}]},{\"@type\":\"WebSite\",\"@id\":\"https:\/\/vilafotografia.com\/#website\",\"url\":\"https:\/\/vilafotografia.com\/\",\"name\":\"Marcos Vila Fotograf\u00eda\",\"description\":\"\",\"potentialAction\":[{\"@type\":\"SearchAction\",\"target\":{\"@type\":\"EntryPoint\",\"urlTemplate\":\"https:\/\/vilafotografia.com\/?s={search_term_string}\"},\"query-input\":{\"@type\":\"PropertyValueSpecification\",\"valueRequired\":true,\"valueName\":\"search_term_string\"}}],\"inLanguage\":\"gl-ES\"}]}<\/script>\n<!-- \/ Yoast SEO plugin. -->","yoast_head_json":{"title":"Inicio - Marcos Vila Fotograf\u00eda","robots":{"index":"index","follow":"follow","max-snippet":"max-snippet:-1","max-image-preview":"max-image-preview:large","max-video-preview":"max-video-preview:-1"},"canonical":"https:\/\/vilafotografia.com\/","og_locale":"gl_ES","og_type":"article","og_title":"Inicio - Marcos Vila Fotograf\u00eda","og_description":"Presentaci\u00f3n Poder contar una historia deteniendo el tiempo en una sola imagen me cautiv\u00f3 para adentrarme en este mundo de la fotograf\u00eda. Tras varios a\u00f1os c\u00e1mara en mano como fot\u00f3grafo de retrato y en contacto con los clientes me doy cuenta que la fotograf\u00eda no s\u00f3lo es un recuerdo eterno si no que tambi\u00e9n es una forma de ganar autoestima, por ello es de vital importancia conectar con los clientes para enfocar las sesiones de la manera m\u00e1s personal posible para lograr una grata experiencia. En mi trayectoria realizando fotograf\u00eda de retrato, boudoir, blanco y negro, colaboraciones con modelos y fot\u00f3grafos\/as siempre se busca el mayor grado de comodidad y tranquilidad lo que da lugar a un mejor resultado en la sesi\u00f3n logrando los mejores resultados para tus fotograf\u00edas","og_url":"https:\/\/vilafotografia.com\/","og_site_name":"Marcos Vila Fotograf\u00eda","article_modified_time":"2023-11-20T19:15:07+00:00","twitter_card":"summary_large_image","twitter_misc":{"Tempo de lectura":"1 minuto"},"schema":{"@context":"https:\/\/schema.org","@graph":[{"@type":"WebPage","@id":"https:\/\/vilafotografia.com\/","url":"https:\/\/vilafotografia.com\/","name":"Inicio - Marcos Vila Fotograf\u00eda","isPartOf":{"@id":"https:\/\/vilafotografia.com\/#website"},"datePublished":"2023-11-20T19:14:35+00:00","dateModified":"2023-11-20T19:15:07+00:00","breadcrumb":{"@id":"https:\/\/vilafotografia.com\/#breadcrumb"},"inLanguage":"gl-ES","potentialAction":[{"@type":"ReadAction","target":["https:\/\/vilafotografia.com\/"]}]},{"@type":"BreadcrumbList","@id":"https:\/\/vilafotografia.com\/#breadcrumb","itemListElement":[{"@type":"ListItem","position":1,"name":"Portada","item":"https:\/\/vilafotografia.com\/"},{"@type":"ListItem","position":2,"name":"Inicio"}]},{"@type":"WebSite","@id":"https:\/\/vilafotografia.com\/#website","url":"https:\/\/vilafotografia.com\/","name":"Marcos Vila Fotograf\u00eda","description":"","potentialAction":[{"@type":"SearchAction","target":{"@type":"EntryPoint","urlTemplate":"https:\/\/vilafotografia.com\/?s={search_term_string}"},"query-input":{"@type":"PropertyValueSpecification","valueRequired":true,"valueName":"search_term_string"}}],"inLanguage":"gl-ES"}]}},"_links":{"self":[{"href":"https:\/\/vilafotografia.com\/index.php\/wp-json\/wp\/v2\/pages\/131","targetHints":{"allow":["GET"]}}],"collection":[{"href":"https:\/\/vilafotografia.com\/index.php\/wp-json\/wp\/v2\/pages"}],"about":[{"href":"https:\/\/vilafotografia.com\/index.php\/wp-json\/wp\/v2\/types\/page"}],"author":[{"embeddable":true,"href":"https:\/\/vilafotografia.com\/index.php\/wp-json\/wp\/v2\/users\/1"}],"replies":[{"embeddable":true,"href":"https:\/\/vilafotografia.com\/index.php\/wp-json\/wp\/v2\/comments?post=131"}],"version-history":[{"count":4,"href":"https:\/\/vilafotografia.com\/index.php\/wp-json\/wp\/v2\/pages\/131\/revisions"}],"predecessor-version":[{"id":135,"href":"https:\/\/vilafotografia.com\/index.php\/wp-json\/wp\/v2\/pages\/131\/revisions\/135"}],"wp:attachment":[{"href":"https:\/\/vilafotografia.com\/index.php\/wp-json\/wp\/v2\/media?parent=131"}],"curies":[{"name":"wp","href":"https:\/\/api.w.org\/{rel}","templated":true}]}}